{"id":12446,"date":"2022-06-01T23:35:00","date_gmt":"2022-06-01T21:35:00","guid":{"rendered":"https:\/\/trueelektro.ch\/services\/production-denergie-independante\/"},"modified":"2023-07-11T20:15:11","modified_gmt":"2023-07-11T18:15:11","slug":"production-denergie-independante","status":"publish","type":"page","link":"https:\/\/trueelektro.ch\/fr\/services\/production-denergie-independante\/","title":{"rendered":"Production d&rsquo;\u00e9nergie ind\u00e9pendante"},"content":{"rendered":"<p>[vc_row css=\u00a0\u00bb.vc_custom_1657362775144{background-image: url(https:\/\/trueelektro.ch\/wp-content\/uploads\/2019\/05\/section-bg1-1.png?id=7977) !important;background-position: center !important;background-repeat: no-repeat !important;background-size: cover !important;}\u00a0\u00bb el_id=\u00a0\u00bbfirst-row\u00a0\u00bb el_class=\u00a0\u00bbimagefix_icon\u00a0\u00bb][vc_column width=\u00a0\u00bb1\/2&Prime;]\r\n\t<div class=\"bauer-spacer clearfix\" data-desktop=\"150\" data-mobi=\"60\" data-smobi=\"60\"><\/div><h2 class=\"bauer-text clearfix \" style=\"font-size:42px;line-height:42px;margin-bottom:15px;\"><p><span class=\"font-weight-300\"><\/span>\u00c9nergie qui inspire. Nous sommes votre partenaire de confiance.<\/p>\n<\/h2>\r\n\t<div class=\"bauer-spacer clearfix\" data-desktop=\"5\" data-mobi=\"5\" data-smobi=\"5\"><\/div><div class=\"bauer-simple-image text-left\" style=\"max-width:64px;\" >\r\n\t\t\t<img decoding=\"async\" alt=\"image\" src=\"https:\/\/trueelektro.ch\/wp-content\/uploads\/2022\/05\/002-renew.png\" \/> \r\n\t\t<\/div>\r\n\t<div class=\"bauer-spacer clearfix\" data-desktop=\"20\" data-mobi=\"5\" data-smobi=\"5\"><\/div><div class=\"bauer-single-heading clearfix \" style=\"margin-bottom:15px;\"><span class=\"inner\"><span class=\"heading clearfix  accent\" style=\"font-weight:600;font-size:16px;\">\r\n\t\tPRODUCTION D'\u00c9NERGIE IND\u00c9PENDANTE\r\n\t<\/span><\/span><\/div><div class=\"bauer-text clearfix \" style=\"font-size:17px;line-height:20px;color:#777777;\"><p><strong><\/strong>Le monde est en train de changer. La production d&rsquo;\u00e9nergie alternative, durable et ind\u00e9pendante est demand\u00e9e. Que ce soit pour l&rsquo;\u00e9nergie solaire, \u00e9olienne et\/ ou hydraulique pour les maisons unifamiliales et multifamiliales : nous sommes heureux de vous conseiller et de superviser professionnellement votre projet de la planification, l&rsquo;approbation \u00e0 l&rsquo;installation jusqu&rsquo;\u00e0 la maintenance.<\/p>\n<\/div>\r\n\t<div class=\"bauer-spacer clearfix\" data-desktop=\"70\" data-mobi=\"40\" data-smobi=\"40\"><\/div>[\/vc_column][vc_column width=\u00a0\u00bb1\/2&Prime; el_class=\u00a0\u00bbimg_fix_services\u00a0\u00bb]\r\n\t<div class=\"bauer-spacer clearfix\" data-desktop=\"150\" data-mobi=\"60\" data-smobi=\"60\"><\/div><div class=\"bauer-simple-image text-center\" style=\"\" >\r\n\t\t\t<img decoding=\"async\" alt=\"image\" src=\"https:\/\/trueelektro.ch\/wp-content\/uploads\/2022\/07\/Unabhangige-Stromerzeugung.jpg\" \/> \r\n\t\t<\/div>[\/vc_column][\/vc_row][vc_row][vc_column]\r\n\t<div class=\"bauer-spacer clearfix\" data-desktop=\"50\" data-mobi=\"40\" data-smobi=\"40\"><\/div>[vc_row_inner][vc_column_inner el_class=\u00a0\u00bbminheight4&Prime; width=\u00a0\u00bb1\/3&Prime;]<div class=\"bauer-icon-box clearfix icon-top align-center hover-style-1 simple\" style=\"background-color:#f7f9fa;padding:34px 25px 27px;border-radius:5px;border:1px solid #e7e7e7;\" ><div class=\"hover\" style=\"border-radius:5px;background-color:#030f27;\"><\/div><div class=\"wrap-inner\" style=\"position: relative;\"><div class=\"image-wrap\" style=\"\">\r\n\t\t\t\t<img decoding=\"async\" alt=\"image\" src=\"https:\/\/trueelektro.ch\/wp-content\/uploads\/2022\/05\/014-solar-panel.png\">\r\n\t\t\t<\/div> <h3 class=\"heading \" style=\"font-size:20px;line-height:24px;margin-top:22px;margin-bottom:12px;\">\r\n\t\t\t<span>Photovolta\u00efque &amp; solaire thermique<\/span>\r\n\t\t<\/h3><div class=\"desc\" style=\"\"><p>Alimentation du r\u00e9seau<br \/>\nInstallation en \u00eelot<br \/>\nDerni\u00e8re technologie pour l&rsquo;utilisation de l&rsquo;\u00e9nergie solaire<br \/>\nModule hybride pour la production d&rsquo;\u00e9lectricit\u00e9 &amp; d&rsquo;eau chaude<br \/>\nStockage d&rsquo;\u00e9nergie<\/p>\n<\/div> <div class=\"hover\" style=\"border-radius:5px;background-color:#030f27;\"><\/div><\/div><\/div>\r\n\t<div class=\"bauer-spacer clearfix\" data-desktop=\"30\" data-mobi=\"30\" data-smobi=\"30\"><\/div>\r\n\t<div class=\"bauer-spacer clearfix\" data-desktop=\"0\" data-mobi=\"30\" data-smobi=\"30\"><\/div>[\/vc_column_inner][vc_column_inner el_class=\u00a0\u00bbminheight4&Prime; width=\u00a0\u00bb1\/3&Prime;]<div class=\"bauer-icon-box clearfix icon-top align-center hover-style-1 simple\" style=\"background-color:#f7f9fa;padding:34px 25px 27px;border-radius:5px;border:1px solid #e7e7e7;\" ><div class=\"hover\" style=\"border-radius:5px;background-color:#030f27;\"><\/div><div class=\"wrap-inner\" style=\"position: relative;\"><div class=\"image-wrap\" style=\"\">\r\n\t\t\t\t<img decoding=\"async\" alt=\"image\" src=\"https:\/\/trueelektro.ch\/wp-content\/uploads\/2022\/06\/wind-turbine.png\">\r\n\t\t\t<\/div> <h3 class=\"heading \" style=\"font-size:20px;line-height:24px;margin-top:22px;margin-bottom:35px;\">\r\n\t\t\t<span>\u00c9nergie \u00e9olienne<\/span>\r\n\t\t<\/h3><div class=\"desc\" style=\"\"><p>Turbine \u00e9olienne<br \/>\n\u00c9nergie \u00e9olienne<br \/>\nDerni\u00e8re technologie pour l&rsquo;utilisation de l&rsquo;\u00e9nergie \u00e9olienne<br \/>\nStockage d&rsquo;\u00e9nergie<\/p>\n<\/div> <div class=\"hover\" style=\"border-radius:5px;background-color:#030f27;\"><\/div><\/div><\/div>\r\n\t<div class=\"bauer-spacer clearfix\" data-desktop=\"30\" data-mobi=\"30\" data-smobi=\"30\"><\/div>\r\n\t<div class=\"bauer-spacer clearfix\" data-desktop=\"0\" data-mobi=\"30\" data-smobi=\"30\"><\/div>[\/vc_column_inner][vc_column_inner el_class=\u00a0\u00bbminheight4&Prime; width=\u00a0\u00bb1\/3&Prime;]<div class=\"bauer-icon-box clearfix icon-top align-center hover-style-1 simple\" style=\"background-color:#f7f9fa;padding:34px 25px 27px;border-radius:5px;border:1px solid #e7e7e7;\" ><div class=\"hover\" style=\"border-radius:5px;background-color:#030f27;\"><\/div><div class=\"wrap-inner\" style=\"position: relative;\"><div class=\"image-wrap\" style=\"\">\r\n\t\t\t\t<img decoding=\"async\" alt=\"image\" src=\"https:\/\/trueelektro.ch\/wp-content\/uploads\/2022\/06\/hydro-power.png\">\r\n\t\t\t<\/div> <h3 class=\"heading \" style=\"font-size:20px;line-height:24px;margin-top:22px;margin-bottom:35px;\">\r\n\t\t\t<span>Force hydraulique<\/span>\r\n\t\t<\/h3><div class=\"desc\" style=\"\"><p>Petite centrale hydro\u00e9lectrique<br \/>\nTurbine hydraulique<br \/>\nG\u00e9n\u00e9rateur hydraulique<br \/>\nDerni\u00e8re technologie pour l&rsquo;utilisation de l&rsquo;\u00e9nergie \u00e9olienne<br \/>\nStockage d&rsquo;\u00e9nergie<\/p>\n<\/div> <div class=\"hover\" style=\"border-radius:5px;background-color:#030f27;\"><\/div><\/div><\/div>\r\n\t<div class=\"bauer-spacer clearfix\" data-desktop=\"30\" data-mobi=\"30\" data-smobi=\"30\"><\/div>[\/vc_column_inner][\/vc_row_inner][\/vc_column][\/vc_row][vc_row css=\u00a0\u00bb.vc_custom_1657562749139{background-image: url(https:\/\/trueelektro.ch\/wp-content\/uploads\/2022\/05\/man-electrical-technician-working-switchboard-with-fuses-installation-connection-electrical-equipment-close-up.jpg?id=9513) !important;background-position: center !important;background-repeat: no-repeat !important;background-size: cover !important;}\u00a0\u00bb el_id=\u00a0\u00bbfeatured-title\u00a0\u00bb][vc_column]\r\n\t<div class=\"bauer-spacer clearfix\" data-desktop=\"94\" data-mobi=\"60\" data-smobi=\"60\"><\/div><h2 class=\"bauer-text clearfix text-center\" style=\"font-size:40px;line-height:50px;color:#ffffff;margin-bottom:30px;max-width:730px;margin-left: auto; margin-right: auto;\"><p><span class=\"font-weight-300\">Nous sommes pr\u00eats \u00e0 d\u00e9marrer votre projet<\/span><\/p>\n<\/h2><div class=\"bauer-align-box text-center\"><div class=\"button-wrap icon-right\" style=\"\" ><a href=\"https:\/\/trueelektro.ch\/fr\/contact\/\" target=\"_self\" class=\"bauer-button btn-904900914 medium no_icon custom outline solid custom\" style=\"margin:20px 0 0 0;border-radius:30px;border-width:1px;\"  data-background=\"#40a1d9\" data-border=\"#40a1d9\" data-text=\"#ffffff\" data-text-hover=\"#ffffff\" data-background-hover=\"#1e1e1e\" data-border-hover=\"#1e1e1e\">\r\n\t\t<span style=\"\">Contactez-nous <\/span>\r\n\t<\/a><\/div><\/div>\r\n\t<div class=\"bauer-spacer clearfix\" data-desktop=\"137\" data-mobi=\"120\" data-smobi=\"120\"><\/div>[\/vc_column][\/vc_row]<\/p>\n","protected":false},"excerpt":{"rendered":"<p>[vc_row css=\u00a0\u00bb.vc_custom_1657362775144{background-image: url(https:\/\/trueelektro.ch\/wp-content\/uploads\/2019\/05\/section-bg1-1.png?id=7977) !important;background-position: center !important;background-repeat: no-repeat !important;background-size: cover !important;}\u00a0\u00bb el_id=\u00a0\u00bbfirst-row\u00a0\u00bb el_class=\u00a0\u00bbimagefix_icon\u00a0\u00bb][vc_column width=\u00a0\u00bb1\/2&Prime;][\/vc_column][vc_column width=\u00a0\u00bb1\/2&Prime; el_class=\u00a0\u00bbimg_fix_services\u00a0\u00bb][\/vc_column][\/vc_row][vc_row][vc_column][vc_row_inner][vc_column_inner el_class=\u00a0\u00bbminheight4&Prime; width=\u00a0\u00bb1\/3&Prime;][\/vc_column_inner][vc_column_inner el_class=\u00a0\u00bbminheight4&Prime; width=\u00a0\u00bb1\/3&Prime;][\/vc_column_inner][vc_column_inner el_class=\u00a0\u00bbminheight4&Prime; width=\u00a0\u00bb1\/3&Prime;][\/vc_column_inner][\/vc_row_inner][\/vc_column][\/vc_row][vc_row css=\u00a0\u00bb.vc_custom_1657562749139{background-image: url(https:\/\/trueelektro.ch\/wp-content\/uploads\/2022\/05\/man-electrical-technician-working-switchboard-with-fuses-installation-connection-electrical-equipment-close-up.jpg?id=9513) !important;background-position: center !important;background-repeat: no-repeat !important;background-size: cover !important;}\u00a0\u00bb el_id=\u00a0\u00bbfeatured-title\u00a0\u00bb][vc_column][\/vc_column][\/vc_row]<\/p>\n","protected":false},"author":1,"featured_media":0,"parent":12235,"menu_order":0,"comment_status":"closed","ping_status":"closed","template":"","meta":{"footnotes":""},"class_list":["post-12446","page","type-page","status-publish","hentry"],"_links":{"self":[{"href":"https:\/\/trueelektro.ch\/fr\/wp-json\/wp\/v2\/pages\/12446","targetHints":{"allow":["GET"]}}],"collection":[{"href":"https:\/\/trueelektro.ch\/fr\/wp-json\/wp\/v2\/pages"}],"about":[{"href":"https:\/\/trueelektro.ch\/fr\/wp-json\/wp\/v2\/types\/page"}],"author":[{"embeddable":true,"href":"https:\/\/trueelektro.ch\/fr\/wp-json\/wp\/v2\/users\/1"}],"replies":[{"embeddable":true,"href":"https:\/\/trueelektro.ch\/fr\/wp-json\/wp\/v2\/comments?post=12446"}],"version-history":[{"count":7,"href":"https:\/\/trueelektro.ch\/fr\/wp-json\/wp\/v2\/pages\/12446\/revisions"}],"predecessor-version":[{"id":12834,"href":"https:\/\/trueelektro.ch\/fr\/wp-json\/wp\/v2\/pages\/12446\/revisions\/12834"}],"up":[{"embeddable":true,"href":"https:\/\/trueelektro.ch\/fr\/wp-json\/wp\/v2\/pages\/12235"}],"wp:attachment":[{"href":"https:\/\/trueelektro.ch\/fr\/wp-json\/wp\/v2\/media?parent=12446"}],"curies":[{"name":"wp","href":"https:\/\/api.w.org\/{rel}","templated":true}]}}