{"id":12284,"date":"2022-06-01T23:28:52","date_gmt":"2022-06-01T21:28:52","guid":{"rendered":"https:\/\/trueelektro.ch\/services\/planification-electrique\/"},"modified":"2023-07-11T20:15:04","modified_gmt":"2023-07-11T18:15:04","slug":"planification-electrique","status":"publish","type":"page","link":"https:\/\/trueelektro.ch\/fr\/services\/planification-electrique\/","title":{"rendered":"Planification \u00e9lectrique"},"content":{"rendered":"<p>[vc_row css=\u00a0\u00bb.vc_custom_1657362775144{background-image: url(https:\/\/trueelektro.ch\/wp-content\/uploads\/2019\/05\/section-bg1-1.png?id=7977) !important;background-position: center !important;background-repeat: no-repeat !important;background-size: cover !important;}\u00a0\u00bb el_id=\u00a0\u00bbfirst-row\u00a0\u00bb el_class=\u00a0\u00bbimagefix_icon\u00a0\u00bb][vc_column width=\u00a0\u00bb1\/2&Prime;]\r\n\t<div class=\"bauer-spacer clearfix\" data-desktop=\"150\" data-mobi=\"60\" data-smobi=\"60\"><\/div><h2 class=\"bauer-text clearfix \" style=\"font-size:42px;line-height:42px;margin-bottom:30px;\"><p>\u00c9nergie qui inspire. Nous sommes votre partenaire de confiance.<\/p>\n<\/h2>\r\n\t<div class=\"bauer-spacer clearfix\" data-desktop=\"5\" data-mobi=\"5\" data-smobi=\"5\"><\/div><div class=\"bauer-simple-image text-left\" style=\"max-width:64px;\" >\r\n\t\t\t<img decoding=\"async\" alt=\"image\" src=\"https:\/\/trueelektro.ch\/wp-content\/uploads\/2022\/05\/026-task.png\" \/> \r\n\t\t<\/div>\r\n\t<div class=\"bauer-spacer clearfix\" data-desktop=\"20\" data-mobi=\"5\" data-smobi=\"5\"><\/div><div class=\"bauer-single-heading clearfix \" style=\"margin-bottom:24px;\"><span class=\"inner\"><span class=\"heading clearfix  accent\" style=\"font-weight:600;font-size:16px;\">\r\n\t\tPLANIFICATION \u00c9L\u00c9CTRIQUE\r\n\t<\/span><\/span><\/div><div class=\"bauer-text clearfix \" style=\"font-size:18px;line-height:30px;color:#777777;\"><p><strong><\/strong>Que ce soit pour les maisons unifamiliales ou multiples, nous sommes heureux de vous conseiller sur tous les aspects de la planification \u00e9lectrique. Nous sommes votre expert pour :<\/p>\n<\/div>\r\n\t<div class=\"bauer-spacer clearfix\" data-desktop=\"70\" data-mobi=\"40\" data-smobi=\"40\"><\/div>[\/vc_column][vc_column width=\u00a0\u00bb1\/2&Prime;]\r\n\t<div class=\"bauer-spacer clearfix\" data-desktop=\"150\" data-mobi=\"60\" data-smobi=\"60\"><\/div><div class=\"bauer-simple-image text-center\" style=\"\" >\r\n\t\t\t<img decoding=\"async\" alt=\"image\" src=\"https:\/\/trueelektro.ch\/wp-content\/uploads\/2022\/07\/Elektroplanung.jpg\" \/> \r\n\t\t<\/div>[\/vc_column][\/vc_row][vc_row][vc_column]\r\n\t<div class=\"bauer-spacer clearfix\" data-desktop=\"50\" data-mobi=\"60\" data-smobi=\"60\"><\/div>[vc_row_inner el_class=\u00a0\u00bbheading_fix\u00a0\u00bb][vc_column_inner el_class=\u00a0\u00bbminheight3&Prime; width=\u00a0\u00bb1\/4&Prime;]<div class=\"bauer-icon-box clearfix icon-top align-center hover-style-1 simple\" style=\"background-color:#f7f9fa;padding:34px 25px 27px;border-radius:5px;border:1px solid #e7e7e7;\" ><div class=\"hover\" style=\"border-radius:5px;background-color:#030f27;\"><\/div><div class=\"wrap-inner\" style=\"position: relative;\"><div class=\"image-wrap\" style=\"\">\r\n\t\t\t\t<img decoding=\"async\" alt=\"image\" src=\"https:\/\/trueelektro.ch\/wp-content\/uploads\/2022\/05\/024-idea.png\">\r\n\t\t\t<\/div> <h3 class=\"heading \" style=\"font-size:20px;line-height:24px;margin-top:22px;margin-bottom:15px;\">\r\n\t\t\t<span>Conseil et planification<\/span>\r\n\t\t<\/h3><div class=\"desc\" style=\"\"><p>C&rsquo;est avec plaisir que nous nous tenons \u00e0 votre disposition pour un entretien de conseil personnalis\u00e9.<\/p>\n<\/div> <div class=\"hover\" style=\"border-radius:5px;background-color:#030f27;\"><\/div><\/div><\/div>\r\n\t<div class=\"bauer-spacer clearfix\" data-desktop=\"30\" data-mobi=\"30\" data-smobi=\"30\"><\/div>\r\n\t<div class=\"bauer-spacer clearfix\" data-desktop=\"0\" data-mobi=\"30\" data-smobi=\"30\"><\/div>[\/vc_column_inner][vc_column_inner el_class=\u00a0\u00bbminheight3&Prime; width=\u00a0\u00bb1\/4&Prime;]<div class=\"bauer-icon-box clearfix icon-top align-center hover-style-1 simple\" style=\"background-color:#f7f9fa;padding:34px 25px 27px;border-radius:5px;border:1px solid #e7e7e7;\" ><div class=\"hover\" style=\"border-radius:5px;background-color:#030f27;\"><\/div><div class=\"wrap-inner\" style=\"position: relative;\"><div class=\"image-wrap\" style=\"\">\r\n\t\t\t\t<img decoding=\"async\" alt=\"image\" src=\"https:\/\/trueelektro.ch\/wp-content\/uploads\/2022\/05\/010-settings.png\">\r\n\t\t\t<\/div> <h3 class=\"heading \" style=\"font-size:20px;line-height:24px;margin-top:22px;margin-bottom:15px;\">\r\n\t\t\t<span>\u00c9laboration du plan d'\u00e9quipement<\/span>\r\n\t\t<\/h3><div class=\"desc\" style=\"\"><p>Personnalis\u00e9 selon vos souhaits et besoins, nous vous proposons une s\u00e9lection de produits optimale.<\/p>\n<\/div> <div class=\"hover\" style=\"border-radius:5px;background-color:#030f27;\"><\/div><\/div><\/div>\r\n\t<div class=\"bauer-spacer clearfix\" data-desktop=\"30\" data-mobi=\"30\" data-smobi=\"30\"><\/div>\r\n\t<div class=\"bauer-spacer clearfix\" data-desktop=\"0\" data-mobi=\"30\" data-smobi=\"30\"><\/div>[\/vc_column_inner][vc_column_inner el_class=\u00a0\u00bbminheight3&Prime; width=\u00a0\u00bb1\/4&Prime;]<div class=\"bauer-icon-box clearfix icon-top align-center hover-style-1 simple\" style=\"background-color:#f7f9fa;padding:34px 0px 27px;border-radius:5px;border:1px solid #e7e7e7;\" ><div class=\"hover\" style=\"border-radius:5px;background-color:#030f27;\"><\/div><div class=\"wrap-inner\" style=\"position: relative;\"><div class=\"image-wrap\" style=\"\">\r\n\t\t\t\t<img decoding=\"async\" alt=\"image\" src=\"https:\/\/trueelektro.ch\/wp-content\/uploads\/2022\/05\/023-service.png\">\r\n\t\t\t<\/div> <h3 class=\"heading \" style=\"font-size:18px;line-height:24px;margin-top:22px;margin-bottom:15px;\">\r\n\t\t\t<span>Int\u00e9gration de la mobilit\u00e9 \u00e9lectrique<\/span>\r\n\t\t<\/h3><div class=\"desc\" style=\"\"><p>Du v\u00e9lo \u00e9lectrique \u00e0 la moto \u00e9lectrique en passant par la voiture \u00e9lectrique, nous int\u00e9grons tous vos v\u00e9hicules \u00e9lectriques chez vous.<\/p>\n<\/div> <div class=\"hover\" style=\"border-radius:5px;background-color:#030f27;\"><\/div><\/div><\/div>\r\n\t<div class=\"bauer-spacer clearfix\" data-desktop=\"30\" data-mobi=\"30\" data-smobi=\"30\"><\/div>\r\n\t<div class=\"bauer-spacer clearfix\" data-desktop=\"0\" data-mobi=\"30\" data-smobi=\"30\"><\/div>[\/vc_column_inner][vc_column_inner el_class=\u00a0\u00bbminheight3&Prime; width=\u00a0\u00bb1\/4&Prime;]<div class=\"bauer-icon-box clearfix icon-top align-center hover-style-1 simple\" style=\"background-color:#f7f9fa;padding:34px 25px 27px;border-radius:5px;border:1px solid #e7e7e7;\" ><div class=\"hover\" style=\"border-radius:5px;background-color:#030f27;\"><\/div><div class=\"wrap-inner\" style=\"position: relative;\"><div class=\"image-wrap\" style=\"\">\r\n\t\t\t\t<img decoding=\"async\" alt=\"image\" src=\"https:\/\/trueelektro.ch\/wp-content\/uploads\/2022\/05\/010-settings.png\">\r\n\t\t\t<\/div> <h3 class=\"heading \" style=\"font-size:20px;line-height:24px;margin-top:22px;margin-bottom:15px;\">\r\n\t\t\t<span>Ligne d'alimentation principale<\/span>\r\n\t\t<\/h3><div class=\"desc\" style=\"\"><p>D\u00e9termination de la longueur &amp; de la section transversale<br \/>\nProtection des c\u00e2bles \u00e9lectriques<br \/>\nDemande d&rsquo;autorisation<\/p>\n<\/div> <div class=\"hover\" style=\"border-radius:5px;background-color:#030f27;\"><\/div><\/div><\/div>[\/vc_column_inner][\/vc_row_inner]\r\n\t<div class=\"bauer-spacer clearfix\" data-desktop=\"100\" data-mobi=\"60\" data-smobi=\"60\"><\/div>[\/vc_column][\/vc_row][vc_row css=\u00a0\u00bb.vc_custom_1657562749139{background-image: url(https:\/\/trueelektro.ch\/wp-content\/uploads\/2022\/05\/man-electrical-technician-working-switchboard-with-fuses-installation-connection-electrical-equipment-close-up.jpg?id=9513) !important;background-position: center !important;background-repeat: no-repeat !important;background-size: cover !important;}\u00a0\u00bb el_id=\u00a0\u00bbfeatured-title\u00a0\u00bb][vc_column]\r\n\t<div class=\"bauer-spacer clearfix\" data-desktop=\"94\" data-mobi=\"60\" data-smobi=\"60\"><\/div><h2 class=\"bauer-text clearfix text-center\" style=\"font-size:40px;line-height:50px;color:#ffffff;margin-bottom:30px;max-width:730px;margin-left: auto; margin-right: auto;\"><p><span class=\"font-weight-300\">Nous sommes pr\u00eats \u00e0 lancer votre projet<\/span><\/p>\n<\/h2><div class=\"bauer-align-box text-center\"><div class=\"button-wrap icon-right\" style=\"\" ><a href=\"https:\/\/trueelektro.ch\/fr\/contact\/\" target=\"_self\" class=\"bauer-button btn-1228767013 medium no_icon custom outline solid custom\" style=\"margin:20px 0 0 0;border-radius:30px;border-width:1px;\"  data-background=\"#40a1d9\" data-border=\"#40a1d9\" data-text=\"#ffffff\" data-text-hover=\"#ffffff\" data-background-hover=\"#1e1e1e\" data-border-hover=\"#1e1e1e\">\r\n\t\t<span style=\"\">Contactez-nous <\/span>\r\n\t<\/a><\/div><\/div>\r\n\t<div class=\"bauer-spacer clearfix\" data-desktop=\"137\" data-mobi=\"120\" data-smobi=\"120\"><\/div>[\/vc_column][\/vc_row]<\/p>\n","protected":false},"excerpt":{"rendered":"<p>[vc_row css=\u00a0\u00bb.vc_custom_1657362775144{background-image: url(https:\/\/trueelektro.ch\/wp-content\/uploads\/2019\/05\/section-bg1-1.png?id=7977) !important;background-position: center !important;background-repeat: no-repeat !important;background-size: cover !important;}\u00a0\u00bb el_id=\u00a0\u00bbfirst-row\u00a0\u00bb el_class=\u00a0\u00bbimagefix_icon\u00a0\u00bb][vc_column width=\u00a0\u00bb1\/2&Prime;][\/vc_column][vc_column width=\u00a0\u00bb1\/2&Prime;][\/vc_column][\/vc_row][vc_row][vc_column][vc_row_inner el_class=\u00a0\u00bbheading_fix\u00a0\u00bb][vc_column_inner el_class=\u00a0\u00bbminheight3&Prime; width=\u00a0\u00bb1\/4&Prime;][\/vc_column_inner][vc_column_inner el_class=\u00a0\u00bbminheight3&Prime; width=\u00a0\u00bb1\/4&Prime;][\/vc_column_inner][vc_column_inner el_class=\u00a0\u00bbminheight3&Prime; width=\u00a0\u00bb1\/4&Prime;][\/vc_column_inner][vc_column_inner el_class=\u00a0\u00bbminheight3&Prime; width=\u00a0\u00bb1\/4&Prime;][\/vc_column_inner][\/vc_row_inner][\/vc_column][\/vc_row][vc_row css=\u00a0\u00bb.vc_custom_1657562749139{background-image: url(https:\/\/trueelektro.ch\/wp-content\/uploads\/2022\/05\/man-electrical-technician-working-switchboard-with-fuses-installation-connection-electrical-equipment-close-up.jpg?id=9513) !important;background-position: center !important;background-repeat: no-repeat !important;background-size: cover !important;}\u00a0\u00bb el_id=\u00a0\u00bbfeatured-title\u00a0\u00bb][vc_column][\/vc_column][\/vc_row]<\/p>\n","protected":false},"author":1,"featured_media":0,"parent":12235,"menu_order":0,"comment_status":"closed","ping_status":"closed","template":"","meta":{"footnotes":""},"class_list":["post-12284","page","type-page","status-publish","hentry"],"_links":{"self":[{"href":"https:\/\/trueelektro.ch\/fr\/wp-json\/wp\/v2\/pages\/12284","targetHints":{"allow":["GET"]}}],"collection":[{"href":"https:\/\/trueelektro.ch\/fr\/wp-json\/wp\/v2\/pages"}],"about":[{"href":"https:\/\/trueelektro.ch\/fr\/wp-json\/wp\/v2\/types\/page"}],"author":[{"embeddable":true,"href":"https:\/\/trueelektro.ch\/fr\/wp-json\/wp\/v2\/users\/1"}],"replies":[{"embeddable":true,"href":"https:\/\/trueelektro.ch\/fr\/wp-json\/wp\/v2\/comments?post=12284"}],"version-history":[{"count":13,"href":"https:\/\/trueelektro.ch\/fr\/wp-json\/wp\/v2\/pages\/12284\/revisions"}],"predecessor-version":[{"id":12833,"href":"https:\/\/trueelektro.ch\/fr\/wp-json\/wp\/v2\/pages\/12284\/revisions\/12833"}],"up":[{"embeddable":true,"href":"https:\/\/trueelektro.ch\/fr\/wp-json\/wp\/v2\/pages\/12235"}],"wp:attachment":[{"href":"https:\/\/trueelektro.ch\/fr\/wp-json\/wp\/v2\/media?parent=12284"}],"curies":[{"name":"wp","href":"https:\/\/api.w.org\/{rel}","templated":true}]}}