{"id":12250,"date":"2022-06-01T23:22:02","date_gmt":"2022-06-01T21:22:02","guid":{"rendered":"https:\/\/trueelektro.ch\/services\/elektroinstallationen-jeglicher-art\/"},"modified":"2023-07-11T20:14:51","modified_gmt":"2023-07-11T18:14:51","slug":"elektroinstallationen-jeglicher-art","status":"publish","type":"page","link":"https:\/\/trueelektro.ch\/fr\/services\/elektroinstallationen-jeglicher-art\/","title":{"rendered":"Installations \u00e9lectriques de tout type"},"content":{"rendered":"<p>[vc_row][vc_column]<div class=\"bauer-align-box text-center\"><\/div>[\/vc_column][\/vc_row][vc_row css=\u00a0\u00bb.vc_custom_1657363093342{background-image: url(https:\/\/trueelektro.ch\/wp-content\/uploads\/2019\/05\/section-bg1-1.png?id=7977) !important;background-position: center !important;background-repeat: no-repeat !important;background-size: cover !important;}\u00a0\u00bb el_id=\u00a0\u00bbfirst-row\u00a0\u00bb el_class=\u00a0\u00bbimagefix_icon\u00a0\u00bb][vc_column width=\u00a0\u00bb1\/2&Prime;]\r\n\t<div class=\"bauer-spacer clearfix\" data-desktop=\"150\" data-mobi=\"60\" data-smobi=\"60\"><\/div><h2 class=\"bauer-text clearfix \" style=\"font-size:42px;line-height:42px;margin-bottom:15px;\"><p><span class=\"font-weight-300\"><\/span>\u00c9nergie qui inspire. Nous sommes votre partenaire de confiance.<\/p>\n<\/h2>\r\n\t<div class=\"bauer-spacer clearfix\" data-desktop=\"5\" data-mobi=\"5\" data-smobi=\"5\"><\/div><div class=\"bauer-simple-image text-left\" style=\"max-width:64px;\" >\r\n\t\t\t<img decoding=\"async\" alt=\"image\" src=\"https:\/\/trueelektro.ch\/wp-content\/uploads\/2022\/05\/005-flash.png\" \/> \r\n\t\t<\/div>\r\n\t<div class=\"bauer-spacer clearfix\" data-desktop=\"20\" data-mobi=\"5\" data-smobi=\"5\"><\/div><div class=\"bauer-single-heading clearfix \" style=\"margin-bottom:15px;\"><span class=\"inner\"><span class=\"heading clearfix  accent\" style=\"font-weight:600;font-size:16px;\">\r\n\t\tINSTALLATIONS \u00c9LECTRIQUES DE TOUT TYPE POUR LES NOUVELLES CONSTRUCTIONS ET R\u00c9NOVATIONS\r\n\t<\/span><\/span><\/div><div class=\"bauer-text clearfix \" style=\"font-size:18px;line-height:28px;color:#777777;\"><p><strong><\/strong>Que ce soit pour les maisons unifamiliales ou multiples, nous sommes heureux de vous conseiller sur tous les aspects des installations \u00e9lectriques de tout type pour les nouvelles constructions et les r\u00e9novations. Nous sommes votre <span>expert pour<\/span> :<\/p>\n<\/div>\r\n\t<div class=\"bauer-spacer clearfix\" data-desktop=\"70\" data-mobi=\"40\" data-smobi=\"40\"><\/div>[\/vc_column][vc_column width=\u00a0\u00bb1\/2&Prime; el_class=\u00a0\u00bbimg_fix_services\u00a0\u00bb]\r\n\t<div class=\"bauer-spacer clearfix\" data-desktop=\"150\" data-mobi=\"60\" data-smobi=\"60\"><\/div><div class=\"bauer-simple-image text-center\" style=\"\" >\r\n\t\t\t<img decoding=\"async\" alt=\"image\" src=\"https:\/\/trueelektro.ch\/wp-content\/uploads\/2022\/07\/a-male-electrician-works-in-a-switchboard-with-an-electrical-connecting-cable.jpg\" \/> \r\n\t\t<\/div>[\/vc_column][\/vc_row][vc_row][vc_column]\r\n\t<div class=\"bauer-spacer clearfix\" data-desktop=\"50\" data-mobi=\"60\" data-smobi=\"60\"><\/div>[vc_row_inner][vc_column_inner el_class=\u00a0\u00bbminheight\u00a0\u00bb width=\u00a0\u00bb1\/3&Prime;]<div class=\"bauer-icon-box clearfix icon-top align-center hover-style-1 simple\" style=\"background-color:#f7f9fa;padding:34px 25px 27px;border-radius:5px;border:1px solid #e7e7e7;\" ><div class=\"hover\" style=\"border-radius:5px;background-color:#030f27;\"><\/div><div class=\"wrap-inner\" style=\"position: relative;\"><div class=\"image-wrap\" style=\"\">\r\n\t\t\t\t<img decoding=\"async\" alt=\"image\" src=\"https:\/\/trueelektro.ch\/wp-content\/uploads\/2022\/05\/006-sustainable-energy.png\">\r\n\t\t\t<\/div> <h3 class=\"heading \" style=\"font-size:20px;line-height:24px;margin-top:22px;margin-bottom:12px;\">\r\n\t\t\t<span>R\u00e9novation des installations existantes<\/span>\r\n\t\t<\/h3><div class=\"desc\" style=\"\"><p>Extensions de tableaux \u00e9lectrique<br \/>\nExtension du r\u00e9seau<br \/>\nR\u00e9paration des d\u00e9fauts<br \/>\nExtension de prise<br \/>\nOptimisation de l&rsquo;installation \u00e9lectrique<\/p>\n<\/div> <div class=\"hover\" style=\"border-radius:5px;background-color:#030f27;\"><\/div><\/div><\/div>\r\n\t<div class=\"bauer-spacer clearfix\" data-desktop=\"30\" data-mobi=\"30\" data-smobi=\"30\"><\/div>\r\n\t<div class=\"bauer-spacer clearfix\" data-desktop=\"0\" data-mobi=\"30\" data-smobi=\"30\"><\/div>[\/vc_column_inner][vc_column_inner el_class=\u00a0\u00bbminheight\u00a0\u00bb width=\u00a0\u00bb1\/3&Prime;]<div class=\"bauer-icon-box clearfix icon-top align-center hover-style-1 simple\" style=\"background-color:#f7f9fa;padding:34px 25px 27px;border-radius:5px;border:1px solid #e7e7e7;\" ><div class=\"hover\" style=\"border-radius:5px;background-color:#030f27;\"><\/div><div class=\"wrap-inner\" style=\"position: relative;\"><div class=\"image-wrap\" style=\"\">\r\n\t\t\t\t<img decoding=\"async\" alt=\"image\" src=\"https:\/\/trueelektro.ch\/wp-content\/uploads\/2022\/05\/001-lightning.png\">\r\n\t\t\t<\/div> <h3 class=\"heading \" style=\"font-size:20px;line-height:24px;margin-top:22px;margin-bottom:12px;\">\r\n\t\t\t<span>Courant fort &amp; courant faible :<br \/>\nextensions<\/span>\r\n\t\t<\/h3><div class=\"desc\" style=\"\"><p>Lave-linge, s\u00e8che-linge &amp; lave-vaisselle<br \/>\nChaudi\u00e8re &amp; chauffage<br \/>\nS\u00e8che-serviettes<br \/>\nCuisine industrielle : friteuse, machine \u00e0 kebab, four \u00e0 pizza<br \/>\nLave-vaisselle &amp; lave-linge professionnels<\/p>\n<\/div> <div class=\"hover\" style=\"border-radius:5px;background-color:#030f27;\"><\/div><\/div><\/div>\r\n\t<div class=\"bauer-spacer clearfix\" data-desktop=\"30\" data-mobi=\"30\" data-smobi=\"30\"><\/div>\r\n\t<div class=\"bauer-spacer clearfix\" data-desktop=\"0\" data-mobi=\"30\" data-smobi=\"30\"><\/div>[\/vc_column_inner][vc_column_inner el_class=\u00a0\u00bbminheight\u00a0\u00bb width=\u00a0\u00bb1\/3&Prime;]<div class=\"bauer-icon-box clearfix icon-top align-center hover-style-1 simple\" style=\"background-color:#f7f9fa;padding:34px 25px 27px;border-radius:5px;border:1px solid #e7e7e7;\" ><div class=\"hover\" style=\"border-radius:5px;background-color:#030f27;\"><\/div><div class=\"wrap-inner\" style=\"position: relative;\"><div class=\"image-wrap\" style=\"\">\r\n\t\t\t\t<img decoding=\"async\" alt=\"image\" src=\"https:\/\/trueelektro.ch\/wp-content\/uploads\/2022\/05\/011-internet-connection.png\">\r\n\t\t\t<\/div> <h3 class=\"heading \" style=\"font-size:20px;line-height:24px;margin-top:22px;margin-bottom:12px;\">\r\n\t\t\t<span>Extensions de t\u00e9l\u00e9phonie, d'internet et de r\u00e9seau<\/span>\r\n\t\t<\/h3><div class=\"desc\" style=\"\"><p>Extension du r\u00e9seau WLAN<br \/>\nRepeater<br \/>\nPoints d&rsquo;acc\u00e8s<br \/>\nRouteurs<br \/>\nR\u00e9seau informatique Rack: extension<\/p>\n<\/div> <div class=\"hover\" style=\"border-radius:5px;background-color:#030f27;\"><\/div><\/div><\/div>\r\n\t<div class=\"bauer-spacer clearfix\" data-desktop=\"30\" data-mobi=\"30\" data-smobi=\"30\"><\/div>[\/vc_column_inner][\/vc_row_inner]\r\n\t<div class=\"bauer-spacer clearfix\" data-desktop=\"100\" data-mobi=\"60\" data-smobi=\"60\"><\/div>[\/vc_column][\/vc_row][vc_row css=\u00a0\u00bb.vc_custom_1657562749139{background-image: url(https:\/\/trueelektro.ch\/wp-content\/uploads\/2022\/05\/man-electrical-technician-working-switchboard-with-fuses-installation-connection-electrical-equipment-close-up.jpg?id=9513) !important;background-position: center !important;background-repeat: no-repeat !important;background-size: cover !important;}\u00a0\u00bb el_id=\u00a0\u00bbfeatured-title\u00a0\u00bb][vc_column]\r\n\t<div class=\"bauer-spacer clearfix\" data-desktop=\"94\" data-mobi=\"60\" data-smobi=\"60\"><\/div><h2 class=\"bauer-text clearfix text-center\" style=\"font-size:40px;line-height:50px;color:#ffffff;margin-bottom:30px;max-width:730px;margin-left: auto; margin-right: auto;\"><p><span class=\"font-weight-300\">Nous sommes pr\u00eats \u00e0 lancer votre projet<\/span><\/p>\n<\/h2><div class=\"bauer-align-box text-center\"><div class=\"button-wrap icon-right\" style=\"\" ><a href=\"https:\/\/trueelektro.ch\/fr\/contact\/\" target=\"_self\" class=\"bauer-button btn-862119577 medium no_icon custom outline solid custom\" style=\"margin:20px 0 0 0;border-radius:30px;border-width:1px;\"  data-background=\"#40a1d9\" data-border=\"#40a1d9\" data-text=\"#ffffff\" data-text-hover=\"#ffffff\" data-background-hover=\"#1e1e1e\" data-border-hover=\"#1e1e1e\">\r\n\t\t<span style=\"\">Contactez-nous <\/span>\r\n\t<\/a><\/div><\/div>\r\n\t<div class=\"bauer-spacer clearfix\" data-desktop=\"137\" data-mobi=\"120\" data-smobi=\"120\"><\/div>[\/vc_column][\/vc_row]<\/p>\n","protected":false},"excerpt":{"rendered":"<p>[vc_row][vc_column][\/vc_column][\/vc_row][vc_row css=\u00a0\u00bb.vc_custom_1657363093342{background-image: url(https:\/\/trueelektro.ch\/wp-content\/uploads\/2019\/05\/section-bg1-1.png?id=7977) !important;background-position: center !important;background-repeat: no-repeat !important;background-size: cover !important;}\u00a0\u00bb el_id=\u00a0\u00bbfirst-row\u00a0\u00bb el_class=\u00a0\u00bbimagefix_icon\u00a0\u00bb][vc_column width=\u00a0\u00bb1\/2&Prime;][\/vc_column][vc_column width=\u00a0\u00bb1\/2&Prime; el_class=\u00a0\u00bbimg_fix_services\u00a0\u00bb][\/vc_column][\/vc_row][vc_row][vc_column][vc_row_inner][vc_column_inner el_class=\u00a0\u00bbminheight\u00a0\u00bb width=\u00a0\u00bb1\/3&Prime;][\/vc_column_inner][vc_column_inner el_class=\u00a0\u00bbminheight\u00a0\u00bb width=\u00a0\u00bb1\/3&Prime;][\/vc_column_inner][vc_column_inner el_class=\u00a0\u00bbminheight\u00a0\u00bb width=\u00a0\u00bb1\/3&Prime;][\/vc_column_inner][\/vc_row_inner][\/vc_column][\/vc_row][vc_row css=\u00a0\u00bb.vc_custom_1657562749139{background-image: url(https:\/\/trueelektro.ch\/wp-content\/uploads\/2022\/05\/man-electrical-technician-working-switchboard-with-fuses-installation-connection-electrical-equipment-close-up.jpg?id=9513) !important;background-position: center !important;background-repeat: no-repeat !important;background-size: cover !important;}\u00a0\u00bb el_id=\u00a0\u00bbfeatured-title\u00a0\u00bb][vc_column][\/vc_column][\/vc_row]<\/p>\n","protected":false},"author":1,"featured_media":0,"parent":12235,"menu_order":0,"comment_status":"closed","ping_status":"closed","template":"","meta":{"footnotes":""},"class_list":["post-12250","page","type-page","status-publish","hentry"],"_links":{"self":[{"href":"https:\/\/trueelektro.ch\/fr\/wp-json\/wp\/v2\/pages\/12250","targetHints":{"allow":["GET"]}}],"collection":[{"href":"https:\/\/trueelektro.ch\/fr\/wp-json\/wp\/v2\/pages"}],"about":[{"href":"https:\/\/trueelektro.ch\/fr\/wp-json\/wp\/v2\/types\/page"}],"author":[{"embeddable":true,"href":"https:\/\/trueelektro.ch\/fr\/wp-json\/wp\/v2\/users\/1"}],"replies":[{"embeddable":true,"href":"https:\/\/trueelektro.ch\/fr\/wp-json\/wp\/v2\/comments?post=12250"}],"version-history":[{"count":25,"href":"https:\/\/trueelektro.ch\/fr\/wp-json\/wp\/v2\/pages\/12250\/revisions"}],"predecessor-version":[{"id":12831,"href":"https:\/\/trueelektro.ch\/fr\/wp-json\/wp\/v2\/pages\/12250\/revisions\/12831"}],"up":[{"embeddable":true,"href":"https:\/\/trueelektro.ch\/fr\/wp-json\/wp\/v2\/pages\/12235"}],"wp:attachment":[{"href":"https:\/\/trueelektro.ch\/fr\/wp-json\/wp\/v2\/media?parent=12250"}],"curies":[{"name":"wp","href":"https:\/\/api.w.org\/{rel}","templated":true}]}}